{"id":23,"date":"2021-09-05T14:26:04","date_gmt":"2021-09-05T14:26:04","guid":{"rendered":"https:\/\/sgconn.hu\/?page_id=23"},"modified":"2024-03-13T18:33:39","modified_gmt":"2024-03-13T18:33:39","slug":"sgconn","status":"publish","type":"page","link":"https:\/\/sgconn.hu\/en\/","title":{"rendered":"Professional background"},"content":{"rendered":"<p><a class=\"anchor\" id=\"szakmai_mult\"><\/a><\/p>\n<div class=\"row\">\n<div class=\"col-lg-1 hidden-md\"><\/div>\n<div class=\"col-lg-4 col-md-5 text-center\"><a href=\"#kapcsolat\" class=\"contact button\">CONTACT<br \/>ME<\/a><\/div>\n<div class=\"col-md-7 col-md-7 text-left\">\n<h2 class=\"orange\" id=\"szakmai_mult\">PROFESSIONAL BACKGROUND<\/h2>\n<p>I graduated at Kand\u00f3 K\u00e1lm\u00e1n Technical School in 1961.<br \/>\n\t\t\tIn 1966 I earned a degree in electrical engineering from the Budapest University of Technology.<br \/>\n\t\t\tIn 1974 I obtained a Masters in engineering from the BME Faculty of Electrical Engineering in Digital Equipment System Design.<\/p>\n<p>During my creative years of engineering and development (in VILATI) &#8211; in addition to many smaller projects &#8211; I participated in the whole implementation process (including bidding, development, planning, production preparation, and commissioning) of:<br \/>\n\t\t\t\u2013 the Visual Passenger Information Systems (Trafinform) at both terminals of <span class=\"orange\">Ferihegy Airport (BUD)<\/span><br \/>\n\t\t\t\u2013 the measurement- and control technology equipment of the Diesel Test Bench at <span class=\"orange\">KAMAZ Truck Factory<\/span>.<\/p>\n<p>As an electronics component dealer (COMPEX, 1990-2000 and FARMELCO (my own company), 2000-2021) using my rich engineering experience I helped developers, designers, and procurement managers in the selection and procurement of the components to be used. My activities as an electronics component dealer expanded in many areas of the industry including medical electronics, industrial electronics, vehicle manufacturing and repair, and telecommunications.<\/p>\n<p>At <span class=\"orange\">COMPEX<\/span>, I was part of the domestic distribution of <span class=\"orange\">Robinson-Nugent<\/span> connectors (now part of 3M) and of C&#038;K switches.<\/p>\n<\/div>\n<\/div>\n<div class=\"row\">\n<div class=\"col-lg-1 hidden-md\"><\/div>\n<div class=\"col-lg-4 col-md-5 text-right\"><figure id=\"attachment_35\" aria-describedby=\"caption-attachment-35\" style=\"width: 500px\" class=\"wp-caption alignnone\"><img loading=\"lazy\" decoding=\"async\" src=\"https:\/\/sgconn.hu\/wp-content\/uploads\/2021\/09\/aranydiploma_2016.jpeg\" alt=\"Golden Anniversary Diploma \u2013 2016\" width=\"500\" height=\"333\" class=\"size-full wp-image-35\" srcset=\"https:\/\/sgconn.hu\/wp-content\/uploads\/2021\/09\/aranydiploma_2016.jpeg 500w, https:\/\/sgconn.hu\/wp-content\/uploads\/2021\/09\/aranydiploma_2016-300x200.jpeg 300w\" sizes=\"auto, (max-width: 500px) 100vw, 500px\" \/><figcaption id=\"caption-attachment-35\" class=\"wp-caption-text\">Golden Anniversary Diploma &#8211; 2016<\/figcaption><\/figure><\/div>\n<div class=\"col-md-7 text-left\">\n<p>At <a href=\"https:\/\/farmelco.hu\/\" rel=\"noopener\" target=\"_blank\">FARMELCO<\/a> we helped our customers to apply APEM, BULGIN, CARLING, CLIFF, COTO, FCT, HARTING, LORLIN, OMNETICS, SAMTEC and SLOAN products through our consulting and trading activities. We introduced FCT (now part of MOLEX) in Hungary in the early 2000s in numerous telecommunications-, medical electronics- and industrial applications. The application of OMNETICS connectors in the Hungarian space- and brain research industry is also associated with our name. We provided support at <span class=\"orange\">BME<\/span> for the development of a geared hub motor for electric cars and of the Masat-1 satellite. With our cooperation OMNETICS and SAMTEC connectors were integrated into the RadCube satellite of C3S Kft. launched in August 2021. Most of our customers were from the fields of medical electronics, telecommunications, security technology, industrial electronics, automotive electronics and transport.<\/p>\n<\/div>\n<\/div>\n<div class=\"row\">\n<div class=\"col-lg-1 hidden-md\"><\/div>\n<div class=\"col-lg-4 col-md-5 text-right\"><\/div>\n<div class=\"col-md-7 text-left\">\n<p>Wherever possible, I personally visited our customers to clarify the requirements for the components we were looking for and to learn about the technical conditions of development and production.<br \/>\n\t\t\tIt was also important to have a thorough knowledge of the supplier\u2019s side: in addition to personal acquaintance, participation in distributor meetings, training, factory visits, constant monitoring of the manufacturer&#8217;s catalogs and websites, and thorough knowledge of the components.<br \/>\n\t\t\tI confess: for successful sales, you need to know the customer and their application. You also need to know and love the components. \ud83d\ude09<\/p>\n<\/div>\n<\/div>\n<div class=\"row\">\n<div class=\"col-lg-1 hidden-md\"><\/div>\n<div class=\"col-lg-4 col-md-5 text-right\"><figure id=\"attachment_38\" aria-describedby=\"caption-attachment-38\" style=\"width: 500px\" class=\"wp-caption alignnone\"><img loading=\"lazy\" decoding=\"async\" src=\"https:\/\/sgconn.hu\/wp-content\/uploads\/2021\/09\/farmelco_stand_2017.jpg\" alt=\"FARMELCO booth at the ELEKTRUSUB expo - 2017\" width=\"500\" height=\"375\" class=\"size-full wp-image-38\" srcset=\"https:\/\/sgconn.hu\/wp-content\/uploads\/2021\/09\/farmelco_stand_2017.jpg 500w, https:\/\/sgconn.hu\/wp-content\/uploads\/2021\/09\/farmelco_stand_2017-300x225.jpg 300w\" sizes=\"auto, (max-width: 500px) 100vw, 500px\" \/><figcaption id=\"caption-attachment-38\" class=\"wp-caption-text\">FARMELCO booth at the ELEKTRUSUB expo &#8211; 2017<\/figcaption><\/figure><\/p>\n<p>&nbsp;<\/p>\n<\/div>\n<div class=\"col-md-7 text-left\">\n<p>In order to better get to know both the customer and supplier side, I participated in many domestic and foreign industrial exhibitions, partly as an exhibitor and partly as a visitor. I have visited all Electronica Exhibitions in Munich since 1990 (held every two years, exhibited by almost every component manufacturer in the world who wants to sell in Europe).<\/p>\n<p>From 1967 to 1991 I was a member of the <a href=\"https:\/\/itf.njszt.hu\/intezmeny\/mate\" rel=\"noopener\" target=\"_blank\">Metrology Association<\/a>, organizer and speaker of the Industrial Electronic Measurement and Control Symposiums held in Balatonsz\u00e9plak, Hungary.<br \/>\n\t\t\tI have been the author, co-author of <span class=\"orange\">several articles<\/span> and co-owner of <span class=\"orange\">three patents<\/span>.<br \/>\n\t\t\t<a href=\"https:\/\/farmelco.hu\/\" rel=\"noopener\" target=\"_blank\">FARMELCO<\/a> has been a founding member of the <a href=\"https:\/\/melt.hu\/hu\/\" rel=\"noopener\" target=\"_blank\">Hungarian Electronics Association (MELT)<\/a>.<\/p>\n<\/div>\n<div class=\"col-lg-1 hidden-md\"><\/div>\n<div class=\"col-lg-4 col-md-5 text-right\"><\/div>\n<div class=\"col-md-7 text-left\">\n<p class=\"larger\">FARMELCO has been under new ownership since the beginning of January 2020 and I am continuing to help those who come to consult with me.<\/p>\n<\/div>\n<\/div>\n<p><\/p>","protected":false},"excerpt":{"rendered":"<p>CONTACTME PROFESSIONAL BACKGROUND I graduated at Kand\u00f3 K\u00e1lm\u00e1n Technical School in 1961. In 1966 I earned a degree in electrical engineering from the Budapest University of Technology. In 1974 I obtained a Masters in engineering from the BME Faculty of Electrical Engineering in Digital Equipment System Design. During my creative years of engineering and development [&hellip;]<\/p>\n","protected":false},"author":1,"featured_media":0,"parent":0,"menu_order":0,"comment_status":"closed","ping_status":"closed","template":"","meta":{"footnotes":""},"class_list":["post-23","page","type-page","status-publish","hentry"],"yoast_head":"<!-- This site is optimized with the Yoast SEO plugin v27.5 - https:\/\/yoast.com\/product\/yoast-seo-wordpress\/ -->\n<title>SGconn &#8211; connectors and switches in the electronics<\/title>\n<meta name=\"description\" content=\"Knowing the technical characteristics, manufacturers\u2019 background and market conditions of a significant proportion of electromechanical components, especially connectors and switches, I help my clients - developers, designers and procurement managers - in component selection, application, and procurement.\" \/>\n<meta name=\"robots\" content=\"index, follow, max-snippet:-1, max-image-preview:large, max-video-preview:-1\" \/>\n<link rel=\"canonical\" href=\"https:\/\/sgconn.hu\/en\/\" \/>\n<meta property=\"og:locale\" content=\"en_US\" \/>\n<meta property=\"og:type\" content=\"article\" \/>\n<meta property=\"og:title\" content=\"SGconn &#8211; connectors and switches in the electronics\" \/>\n<meta property=\"og:description\" content=\"Knowing the technical characteristics, manufacturers\u2019 background and market conditions of a significant proportion of electromechanical components, especially connectors and switches, I help my clients - developers, designers and procurement managers - in component selection, application, and procurement.\" \/>\n<meta property=\"og:url\" content=\"https:\/\/sgconn.hu\/\" \/>\n<meta property=\"og:site_name\" content=\"SGconn\" \/>\n<meta property=\"article:modified_time\" content=\"2024-03-13T18:33:39+00:00\" \/>\n<meta property=\"og:image\" content=\"https:\/\/sgconn.hu\/wp-content\/uploads\/2021\/09\/aranydiploma_2016.jpeg\" \/>\n<meta name=\"twitter:card\" content=\"summary_large_image\" \/>\n<meta name=\"twitter:label1\" content=\"Est. reading time\" \/>\n\t<meta name=\"twitter:data1\" content=\"3 minutes\" \/>\n<script type=\"application\/ld+json\" class=\"yoast-schema-graph\">{\"@context\":\"https:\\\/\\\/schema.org\",\"@graph\":[{\"@type\":\"WebPage\",\"@id\":\"https:\\\/\\\/sgconn.hu\\\/\",\"url\":\"https:\\\/\\\/sgconn.hu\\\/\",\"name\":\"SGconn &#8211; connectors and switches in the electronics\",\"isPartOf\":{\"@id\":\"https:\\\/\\\/sgconn.hu\\\/#website\"},\"primaryImageOfPage\":{\"@id\":\"https:\\\/\\\/sgconn.hu\\\/#primaryimage\"},\"image\":{\"@id\":\"https:\\\/\\\/sgconn.hu\\\/#primaryimage\"},\"thumbnailUrl\":\"https:\\\/\\\/sgconn.hu\\\/wp-content\\\/uploads\\\/2021\\\/09\\\/aranydiploma_2016.jpeg\",\"datePublished\":\"2021-09-05T14:26:04+00:00\",\"dateModified\":\"2024-03-13T18:33:39+00:00\",\"description\":\"Knowing the technical characteristics, manufacturers\u2019 background and market conditions of a significant proportion of electromechanical components, especially connectors and switches, I help my clients - developers, designers and procurement managers - in component selection, application, and procurement.\",\"breadcrumb\":{\"@id\":\"https:\\\/\\\/sgconn.hu\\\/#breadcrumb\"},\"inLanguage\":\"en-US\",\"potentialAction\":[{\"@type\":\"ReadAction\",\"target\":[\"https:\\\/\\\/sgconn.hu\\\/\"]}]},{\"@type\":\"ImageObject\",\"inLanguage\":\"en-US\",\"@id\":\"https:\\\/\\\/sgconn.hu\\\/#primaryimage\",\"url\":\"https:\\\/\\\/sgconn.hu\\\/wp-content\\\/uploads\\\/2021\\\/09\\\/aranydiploma_2016.jpeg\",\"contentUrl\":\"https:\\\/\\\/sgconn.hu\\\/wp-content\\\/uploads\\\/2021\\\/09\\\/aranydiploma_2016.jpeg\"},{\"@type\":\"BreadcrumbList\",\"@id\":\"https:\\\/\\\/sgconn.hu\\\/#breadcrumb\",\"itemListElement\":[{\"@type\":\"ListItem\",\"position\":1,\"name\":\"Kezd\u0151lap\",\"item\":\"https:\\\/\\\/sgconn.hu\\\/\"},{\"@type\":\"ListItem\",\"position\":2,\"name\":\"Szakmai m\u00faltam\"}]},{\"@type\":\"WebSite\",\"@id\":\"https:\\\/\\\/sgconn.hu\\\/#website\",\"url\":\"https:\\\/\\\/sgconn.hu\\\/\",\"name\":\"SGconn\",\"description\":\"connectors and switches in the electronics\",\"publisher\":{\"@id\":\"https:\\\/\\\/sgconn.hu\\\/#\\\/schema\\\/person\\\/36d4ca9a9969403a6ae937988d234089\"},\"potentialAction\":[{\"@type\":\"SearchAction\",\"target\":{\"@type\":\"EntryPoint\",\"urlTemplate\":\"https:\\\/\\\/sgconn.hu\\\/?s={search_term_string}\"},\"query-input\":{\"@type\":\"PropertyValueSpecification\",\"valueRequired\":true,\"valueName\":\"search_term_string\"}}],\"inLanguage\":\"en-US\"},{\"@type\":[\"Person\",\"Organization\"],\"@id\":\"https:\\\/\\\/sgconn.hu\\\/#\\\/schema\\\/person\\\/36d4ca9a9969403a6ae937988d234089\",\"name\":\"Sarkadi Gy\u00f6rgy\",\"image\":{\"@type\":\"ImageObject\",\"inLanguage\":\"en-US\",\"@id\":\"https:\\\/\\\/sgconn.hu\\\/wp-content\\\/uploads\\\/2021\\\/09\\\/sarkadi_gyorgy_avatar.png\",\"url\":\"https:\\\/\\\/sgconn.hu\\\/wp-content\\\/uploads\\\/2021\\\/09\\\/sarkadi_gyorgy_avatar.png\",\"contentUrl\":\"https:\\\/\\\/sgconn.hu\\\/wp-content\\\/uploads\\\/2021\\\/09\\\/sarkadi_gyorgy_avatar.png\",\"width\":239,\"height\":239,\"caption\":\"Sarkadi Gy\u00f6rgy\"},\"logo\":{\"@id\":\"https:\\\/\\\/sgconn.hu\\\/wp-content\\\/uploads\\\/2021\\\/09\\\/sarkadi_gyorgy_avatar.png\"},\"sameAs\":[\"https:\\\/\\\/sgconn.hu\\\/\"]}]}<\/script>\n<!-- \/ Yoast SEO plugin. -->","yoast_head_json":{"title":"SGconn &#8211; connectors and switches in the electronics","description":"Knowing the technical characteristics, manufacturers\u2019 background and market conditions of a significant proportion of electromechanical components, especially connectors and switches, I help my clients - developers, designers and procurement managers - in component selection, application, and procurement.","robots":{"index":"index","follow":"follow","max-snippet":"max-snippet:-1","max-image-preview":"max-image-preview:large","max-video-preview":"max-video-preview:-1"},"canonical":"https:\/\/sgconn.hu\/en\/","og_locale":"en_US","og_type":"article","og_title":"SGconn &#8211; connectors and switches in the electronics","og_description":"Knowing the technical characteristics, manufacturers\u2019 background and market conditions of a significant proportion of electromechanical components, especially connectors and switches, I help my clients - developers, designers and procurement managers - in component selection, application, and procurement.","og_url":"https:\/\/sgconn.hu\/","og_site_name":"SGconn","article_modified_time":"2024-03-13T18:33:39+00:00","og_image":[{"url":"https:\/\/sgconn.hu\/wp-content\/uploads\/2021\/09\/aranydiploma_2016.jpeg","type":"","width":"","height":""}],"twitter_card":"summary_large_image","twitter_misc":{"Est. reading time":"3 minutes"},"schema":{"@context":"https:\/\/schema.org","@graph":[{"@type":"WebPage","@id":"https:\/\/sgconn.hu\/","url":"https:\/\/sgconn.hu\/","name":"SGconn &#8211; connectors and switches in the electronics","isPartOf":{"@id":"https:\/\/sgconn.hu\/#website"},"primaryImageOfPage":{"@id":"https:\/\/sgconn.hu\/#primaryimage"},"image":{"@id":"https:\/\/sgconn.hu\/#primaryimage"},"thumbnailUrl":"https:\/\/sgconn.hu\/wp-content\/uploads\/2021\/09\/aranydiploma_2016.jpeg","datePublished":"2021-09-05T14:26:04+00:00","dateModified":"2024-03-13T18:33:39+00:00","description":"Knowing the technical characteristics, manufacturers\u2019 background and market conditions of a significant proportion of electromechanical components, especially connectors and switches, I help my clients - developers, designers and procurement managers - in component selection, application, and procurement.","breadcrumb":{"@id":"https:\/\/sgconn.hu\/#breadcrumb"},"inLanguage":"en-US","potentialAction":[{"@type":"ReadAction","target":["https:\/\/sgconn.hu\/"]}]},{"@type":"ImageObject","inLanguage":"en-US","@id":"https:\/\/sgconn.hu\/#primaryimage","url":"https:\/\/sgconn.hu\/wp-content\/uploads\/2021\/09\/aranydiploma_2016.jpeg","contentUrl":"https:\/\/sgconn.hu\/wp-content\/uploads\/2021\/09\/aranydiploma_2016.jpeg"},{"@type":"BreadcrumbList","@id":"https:\/\/sgconn.hu\/#breadcrumb","itemListElement":[{"@type":"ListItem","position":1,"name":"Kezd\u0151lap","item":"https:\/\/sgconn.hu\/"},{"@type":"ListItem","position":2,"name":"Szakmai m\u00faltam"}]},{"@type":"WebSite","@id":"https:\/\/sgconn.hu\/#website","url":"https:\/\/sgconn.hu\/","name":"SGconn","description":"connectors and switches in the electronics","publisher":{"@id":"https:\/\/sgconn.hu\/#\/schema\/person\/36d4ca9a9969403a6ae937988d234089"},"potentialAction":[{"@type":"SearchAction","target":{"@type":"EntryPoint","urlTemplate":"https:\/\/sgconn.hu\/?s={search_term_string}"},"query-input":{"@type":"PropertyValueSpecification","valueRequired":true,"valueName":"search_term_string"}}],"inLanguage":"en-US"},{"@type":["Person","Organization"],"@id":"https:\/\/sgconn.hu\/#\/schema\/person\/36d4ca9a9969403a6ae937988d234089","name":"Sarkadi Gy\u00f6rgy","image":{"@type":"ImageObject","inLanguage":"en-US","@id":"https:\/\/sgconn.hu\/wp-content\/uploads\/2021\/09\/sarkadi_gyorgy_avatar.png","url":"https:\/\/sgconn.hu\/wp-content\/uploads\/2021\/09\/sarkadi_gyorgy_avatar.png","contentUrl":"https:\/\/sgconn.hu\/wp-content\/uploads\/2021\/09\/sarkadi_gyorgy_avatar.png","width":239,"height":239,"caption":"Sarkadi Gy\u00f6rgy"},"logo":{"@id":"https:\/\/sgconn.hu\/wp-content\/uploads\/2021\/09\/sarkadi_gyorgy_avatar.png"},"sameAs":["https:\/\/sgconn.hu\/"]}]}},"_links":{"self":[{"href":"https:\/\/sgconn.hu\/en\/wp-json\/wp\/v2\/pages\/23","targetHints":{"allow":["GET"]}}],"collection":[{"href":"https:\/\/sgconn.hu\/en\/wp-json\/wp\/v2\/pages"}],"about":[{"href":"https:\/\/sgconn.hu\/en\/wp-json\/wp\/v2\/types\/page"}],"author":[{"embeddable":true,"href":"https:\/\/sgconn.hu\/en\/wp-json\/wp\/v2\/users\/1"}],"replies":[{"embeddable":true,"href":"https:\/\/sgconn.hu\/en\/wp-json\/wp\/v2\/comments?post=23"}],"version-history":[{"count":41,"href":"https:\/\/sgconn.hu\/en\/wp-json\/wp\/v2\/pages\/23\/revisions"}],"predecessor-version":[{"id":373,"href":"https:\/\/sgconn.hu\/en\/wp-json\/wp\/v2\/pages\/23\/revisions\/373"}],"wp:attachment":[{"href":"https:\/\/sgconn.hu\/en\/wp-json\/wp\/v2\/media?parent=23"}],"curies":[{"name":"wp","href":"https:\/\/api.w.org\/{rel}","templated":true}]}}