{"id":2,"date":"2021-08-24T11:23:25","date_gmt":"2021-08-24T11:23:25","guid":{"rendered":"https:\/\/sgconn.hu\/?page_id=2"},"modified":"2024-03-24T18:30:57","modified_gmt":"2024-03-24T18:30:57","slug":"blog","status":"publish","type":"page","link":"https:\/\/sgconn.hu\/en\/blog\/","title":{"rendered":"Memories and thoughts about connectors (and beyond)"},"content":{"rendered":"<p><\/p>\n<h2 class=\"orange\">Memories and thoughts about <strong>connectors<\/strong> (and beyond)<\/h2>\n<p>I&#8217;m going to write about electronic connectors &#8211; some memories, thoughts and advice gathered over several decades spent largely among these connectors. Although I write about many things related to connectors, this is not an encyclopaedia, not a manual, not a textbook, not fiction. Accordingly, I have allowed myself relative freedom of expression and vocabulary, using professional jargon, including the usual English terms. Company names are deliberately written in all capital letters, although companies often do not spell their names in the same way in their own catalogues and websites.<br \/>\nI do not refer to any literature used, rather it\u2019s all based on my own memories, company brochures, websites and freely available journals on the Internet (mainly Bishop&#8217;s).<br \/>\nI do not, nor can I, write about all the connectors in the world, only about those that are most commonly encountered in domestic engineering practice in Hungary.<br \/>\nThe writing can be considered as a glossary of headings, sometimes with extended sentences, a book could be written on every single heading.<br \/>\nI am writing this as a blog, so I ask all readers who have comments or corrections to let me know on <span class=\"orange\">blog@sgconn.hu<\/span><br \/>\nMy current intention is to write the following (currently only available in Hungarian):<\/p>\n<ol>\n<li><a href=\"https:\/\/sgconn.hu\/en\/blog\/csatlakozok\/\"><strong>Connector characteristics<\/strong><\/a><\/li>\n<li><a href=\"https:\/\/sgconn.hu\/en\/blog\/gyartok-kereskedok\/\"><strong>Connectors, manufacturers, distributors<\/strong><\/a><\/li>\n<li><a href=\"https:\/\/sgconn.hu\/en\/blog\/hogyan-valasszunk-csatlakozot-elektronikai-berendezesek-tervezesekor\/\"><strong>How to choose a connector when designing electronic equipment<\/strong><\/a><\/li>\n<li><a href=\"https:\/\/sgconn.hu\/en\/blog\/az-en-csatlakozoim\/\"><strong>My connectors<\/strong><\/a> 1955-2022<\/li>\n<li><a href=\"https:\/\/sgconn.hu\/en\/blog\/csatlakozofigyelo\/\"><strong> Connector watch: reviews, what&#8217;s new, reading matters<\/strong><\/a><\/li>\n<\/ol>\n<p>&nbsp;<\/p>","protected":false},"excerpt":{"rendered":"<p>Memories and thoughts about connectors (and beyond) I&#8217;m going to write about electronic connectors &#8211; some memories, thoughts and advice gathered over several decades spent largely among these connectors. Although I write about many things related to connectors, this is not an encyclopaedia, not a manual, not a textbook, not fiction. Accordingly, I have allowed [&hellip;]<\/p>\n","protected":false},"author":1,"featured_media":0,"parent":0,"menu_order":0,"comment_status":"closed","ping_status":"open","template":"page-blog.php","meta":{"footnotes":""},"class_list":["post-2","page","type-page","status-publish","hentry"],"yoast_head":"<!-- This site is optimized with the Yoast SEO plugin v27.4 - https:\/\/yoast.com\/product\/yoast-seo-wordpress\/ -->\n<title>Memories and thoughts about connectors (and beyond) &#8211; SGconn<\/title>\n<meta name=\"robots\" content=\"index, follow, max-snippet:-1, max-image-preview:large, max-video-preview:-1\" \/>\n<link rel=\"canonical\" href=\"https:\/\/sgconn.hu\/en\/blog\/\" \/>\n<meta property=\"og:locale\" content=\"en_US\" \/>\n<meta property=\"og:type\" content=\"article\" \/>\n<meta property=\"og:title\" content=\"Memories and thoughts about connectors (and beyond) &#8211; SGconn\" \/>\n<meta property=\"og:description\" content=\"Memories and thoughts about connectors (and beyond) I&#8217;m going to write about electronic connectors &#8211; some memories, thoughts and advice gathered over several decades spent largely among these connectors. Although I write about many things related to connectors, this is not an encyclopaedia, not a manual, not a textbook, not fiction. Accordingly, I have allowed [&hellip;]\" \/>\n<meta property=\"og:url\" content=\"https:\/\/sgconn.hu\/blog\/\" \/>\n<meta property=\"og:site_name\" content=\"SGconn\" \/>\n<meta property=\"article:modified_time\" content=\"2024-03-24T18:30:57+00:00\" \/>\n<meta name=\"twitter:card\" content=\"summary_large_image\" \/>\n<meta name=\"twitter:label1\" content=\"Est. reading time\" \/>\n\t<meta name=\"twitter:data1\" content=\"2 minutes\" \/>\n<script type=\"application\/ld+json\" class=\"yoast-schema-graph\">{\"@context\":\"https:\\\/\\\/schema.org\",\"@graph\":[{\"@type\":\"WebPage\",\"@id\":\"https:\\\/\\\/sgconn.hu\\\/blog\\\/\",\"url\":\"https:\\\/\\\/sgconn.hu\\\/blog\\\/\",\"name\":\"Memories and thoughts about connectors (and beyond) &#8211; SGconn\",\"isPartOf\":{\"@id\":\"https:\\\/\\\/sgconn.hu\\\/#website\"},\"datePublished\":\"2021-08-24T11:23:25+00:00\",\"dateModified\":\"2024-03-24T18:30:57+00:00\",\"breadcrumb\":{\"@id\":\"https:\\\/\\\/sgconn.hu\\\/blog\\\/#breadcrumb\"},\"inLanguage\":\"en-US\",\"potentialAction\":[{\"@type\":\"ReadAction\",\"target\":[\"https:\\\/\\\/sgconn.hu\\\/blog\\\/\"]}]},{\"@type\":\"BreadcrumbList\",\"@id\":\"https:\\\/\\\/sgconn.hu\\\/blog\\\/#breadcrumb\",\"itemListElement\":[{\"@type\":\"ListItem\",\"position\":1,\"name\":\"Kezd\u0151lap\",\"item\":\"https:\\\/\\\/sgconn.hu\\\/\"},{\"@type\":\"ListItem\",\"position\":2,\"name\":\"Eml\u00e9kek, gondolatok (itt-ott nemcsak) a csatlakoz\u00f3kr\u00f3l\"}]},{\"@type\":\"WebSite\",\"@id\":\"https:\\\/\\\/sgconn.hu\\\/#website\",\"url\":\"https:\\\/\\\/sgconn.hu\\\/\",\"name\":\"SGconn\",\"description\":\"connectors and switches in the electronics\",\"publisher\":{\"@id\":\"https:\\\/\\\/sgconn.hu\\\/#\\\/schema\\\/person\\\/36d4ca9a9969403a6ae937988d234089\"},\"potentialAction\":[{\"@type\":\"SearchAction\",\"target\":{\"@type\":\"EntryPoint\",\"urlTemplate\":\"https:\\\/\\\/sgconn.hu\\\/?s={search_term_string}\"},\"query-input\":{\"@type\":\"PropertyValueSpecification\",\"valueRequired\":true,\"valueName\":\"search_term_string\"}}],\"inLanguage\":\"en-US\"},{\"@type\":[\"Person\",\"Organization\"],\"@id\":\"https:\\\/\\\/sgconn.hu\\\/#\\\/schema\\\/person\\\/36d4ca9a9969403a6ae937988d234089\",\"name\":\"Sarkadi Gy\u00f6rgy\",\"image\":{\"@type\":\"ImageObject\",\"inLanguage\":\"en-US\",\"@id\":\"https:\\\/\\\/sgconn.hu\\\/wp-content\\\/uploads\\\/2021\\\/09\\\/sarkadi_gyorgy_avatar.png\",\"url\":\"https:\\\/\\\/sgconn.hu\\\/wp-content\\\/uploads\\\/2021\\\/09\\\/sarkadi_gyorgy_avatar.png\",\"contentUrl\":\"https:\\\/\\\/sgconn.hu\\\/wp-content\\\/uploads\\\/2021\\\/09\\\/sarkadi_gyorgy_avatar.png\",\"width\":239,\"height\":239,\"caption\":\"Sarkadi Gy\u00f6rgy\"},\"logo\":{\"@id\":\"https:\\\/\\\/sgconn.hu\\\/wp-content\\\/uploads\\\/2021\\\/09\\\/sarkadi_gyorgy_avatar.png\"},\"sameAs\":[\"https:\\\/\\\/sgconn.hu\\\/\"]}]}<\/script>\n<!-- \/ Yoast SEO plugin. -->","yoast_head_json":{"title":"Memories and thoughts about connectors (and beyond) &#8211; SGconn","robots":{"index":"index","follow":"follow","max-snippet":"max-snippet:-1","max-image-preview":"max-image-preview:large","max-video-preview":"max-video-preview:-1"},"canonical":"https:\/\/sgconn.hu\/en\/blog\/","og_locale":"en_US","og_type":"article","og_title":"Memories and thoughts about connectors (and beyond) &#8211; SGconn","og_description":"Memories and thoughts about connectors (and beyond) I&#8217;m going to write about electronic connectors &#8211; some memories, thoughts and advice gathered over several decades spent largely among these connectors. Although I write about many things related to connectors, this is not an encyclopaedia, not a manual, not a textbook, not fiction. Accordingly, I have allowed [&hellip;]","og_url":"https:\/\/sgconn.hu\/blog\/","og_site_name":"SGconn","article_modified_time":"2024-03-24T18:30:57+00:00","twitter_card":"summary_large_image","twitter_misc":{"Est. reading time":"2 minutes"},"schema":{"@context":"https:\/\/schema.org","@graph":[{"@type":"WebPage","@id":"https:\/\/sgconn.hu\/blog\/","url":"https:\/\/sgconn.hu\/blog\/","name":"Memories and thoughts about connectors (and beyond) &#8211; SGconn","isPartOf":{"@id":"https:\/\/sgconn.hu\/#website"},"datePublished":"2021-08-24T11:23:25+00:00","dateModified":"2024-03-24T18:30:57+00:00","breadcrumb":{"@id":"https:\/\/sgconn.hu\/blog\/#breadcrumb"},"inLanguage":"en-US","potentialAction":[{"@type":"ReadAction","target":["https:\/\/sgconn.hu\/blog\/"]}]},{"@type":"BreadcrumbList","@id":"https:\/\/sgconn.hu\/blog\/#breadcrumb","itemListElement":[{"@type":"ListItem","position":1,"name":"Kezd\u0151lap","item":"https:\/\/sgconn.hu\/"},{"@type":"ListItem","position":2,"name":"Eml\u00e9kek, gondolatok (itt-ott nemcsak) a csatlakoz\u00f3kr\u00f3l"}]},{"@type":"WebSite","@id":"https:\/\/sgconn.hu\/#website","url":"https:\/\/sgconn.hu\/","name":"SGconn","description":"connectors and switches in the electronics","publisher":{"@id":"https:\/\/sgconn.hu\/#\/schema\/person\/36d4ca9a9969403a6ae937988d234089"},"potentialAction":[{"@type":"SearchAction","target":{"@type":"EntryPoint","urlTemplate":"https:\/\/sgconn.hu\/?s={search_term_string}"},"query-input":{"@type":"PropertyValueSpecification","valueRequired":true,"valueName":"search_term_string"}}],"inLanguage":"en-US"},{"@type":["Person","Organization"],"@id":"https:\/\/sgconn.hu\/#\/schema\/person\/36d4ca9a9969403a6ae937988d234089","name":"Sarkadi Gy\u00f6rgy","image":{"@type":"ImageObject","inLanguage":"en-US","@id":"https:\/\/sgconn.hu\/wp-content\/uploads\/2021\/09\/sarkadi_gyorgy_avatar.png","url":"https:\/\/sgconn.hu\/wp-content\/uploads\/2021\/09\/sarkadi_gyorgy_avatar.png","contentUrl":"https:\/\/sgconn.hu\/wp-content\/uploads\/2021\/09\/sarkadi_gyorgy_avatar.png","width":239,"height":239,"caption":"Sarkadi Gy\u00f6rgy"},"logo":{"@id":"https:\/\/sgconn.hu\/wp-content\/uploads\/2021\/09\/sarkadi_gyorgy_avatar.png"},"sameAs":["https:\/\/sgconn.hu\/"]}]}},"_links":{"self":[{"href":"https:\/\/sgconn.hu\/en\/wp-json\/wp\/v2\/pages\/2","targetHints":{"allow":["GET"]}}],"collection":[{"href":"https:\/\/sgconn.hu\/en\/wp-json\/wp\/v2\/pages"}],"about":[{"href":"https:\/\/sgconn.hu\/en\/wp-json\/wp\/v2\/types\/page"}],"author":[{"embeddable":true,"href":"https:\/\/sgconn.hu\/en\/wp-json\/wp\/v2\/users\/1"}],"replies":[{"embeddable":true,"href":"https:\/\/sgconn.hu\/en\/wp-json\/wp\/v2\/comments?post=2"}],"version-history":[{"count":21,"href":"https:\/\/sgconn.hu\/en\/wp-json\/wp\/v2\/pages\/2\/revisions"}],"predecessor-version":[{"id":394,"href":"https:\/\/sgconn.hu\/en\/wp-json\/wp\/v2\/pages\/2\/revisions\/394"}],"wp:attachment":[{"href":"https:\/\/sgconn.hu\/en\/wp-json\/wp\/v2\/media?parent=2"}],"curies":[{"name":"wp","href":"https:\/\/api.w.org\/{rel}","templated":true}]}}